{"id":850,"date":"2021-04-25T00:45:03","date_gmt":"2021-04-24T22:45:03","guid":{"rendered":"http:\/\/institut-napoleon.fr\/?page_id=850"},"modified":"2021-04-26T00:27:53","modified_gmt":"2021-04-25T22:27:53","slug":"rin-numero-214-2017-1","status":"publish","type":"page","link":"http:\/\/institut-napoleon.fr\/index.php\/rin-numero-214-2017-1\/","title":{"rendered":"RIN &#8211; Num\u00e9ro 214 (2017-1)"},"content":{"rendered":"<p><img loading=\"lazy\" class=\"wp-image-900 size-medium aligncenter\" src=\"http:\/\/institut-napoleon.fr\/wp-content\/uploads\/2021\/04\/214-201x300.jpg\" alt=\"\" width=\"201\" height=\"300\" srcset=\"http:\/\/institut-napoleon.fr\/wp-content\/uploads\/2021\/04\/214-201x300.jpg 201w, http:\/\/institut-napoleon.fr\/wp-content\/uploads\/2021\/04\/214.jpg 600w\" sizes=\"(max-width: 201px) 100vw, 201px\" \/><\/p>\n<p style=\"text-align: center;\"><strong><span style=\"font-size: 18pt;\">Revue de l&rsquo;Institut Napol\u00e9on<\/span><\/strong><\/p>\n<p style=\"text-align: center;\"><span style=\"font-size: 18pt;\"><strong>Num\u00e9ro 214 (2017-1)<\/strong><\/span><\/p>\n<p style=\"text-align: center;\"><span style=\"font-size: 18pt; color: #008000;\"><strong>Editorial<\/strong><\/span><\/p>\n<p style=\"text-align: justify;\">En 2011, la ville de Rueil-Malmaison, marqu\u00e9e s\u2019il en est par le souvenir de Bonaparte et de Jos\u00e9phine dont l\u2019esprit habite toujours le ch\u00e2teau de Malmaison, lan\u00e7ait la marque \u00ab\u00a0Ville imp\u00e9riale\u00a0\u00bb avec trois autres cit\u00e9s qui avaient la particularit\u00e9 d\u2019avoir jou\u00e9 un r\u00f4le sous les deux Empires, Saint-Cloud, Fontainebleau et Compi\u00e8gne. De cette initiative \u00e9manait d\u00e8s septembre 2012 un premier jubil\u00e9 imp\u00e9rial, qui fut un succ\u00e8s r\u00e9el, au point de pousser la municipalit\u00e9 de Rueil \u00e0 r\u00e9\u00e9diter l\u2019op\u00e9ration en 2014, \u00e0 l\u2019occasion du bicentenaire de la mort de Jos\u00e9phine. 70\u00a0000 visiteurs furent pr\u00e9sents au rendez-vous. Trois ans plus tard, le 3<sup>e<\/sup> jubil\u00e9 imp\u00e9rial, organis\u00e9 \u00e0 Rueil les 23 et 24 septembre 2017, a d\u00e9pass\u00e9 toutes les esp\u00e9rances, r\u00e9unissant pr\u00e8s de 110\u00a0000 personnes, autour des diverses animations et expositions pr\u00e9sent\u00e9es dans la ville et aux alentours. Un vaste bivouac dans le parc de Beaupr\u00e9au, des reconstitutions tout au long du week-end, dont celle de l\u2019entrevue de Tilsit entre Napol\u00e9on et le tsar Alexandre, une parade g\u00e9ante avec plus de deux mille reconstituants, ont rythm\u00e9 ces deux journ\u00e9es et contribu\u00e9 \u00e0 faire conna\u00eetre l\u2019histoire du Consulat et de l\u2019Empire, dans sa dimension diplomatique et militaire, mais aussi dans son volet civil, \u00e0 travers par exemple la m\u00e9decine ou l\u2019alimentation. L\u2019exposition Jeux d\u2019Empire a \u00e9galement contribu\u00e9 \u00e0 manifester la persistance du mythe napol\u00e9onien. La pr\u00e9sence de tr\u00e8s nombreux enfants et de jeunes spectateurs confirme le r\u00f4le que peuvent jouer de telles manifestations dans l\u2019acculturation des nouvelles g\u00e9n\u00e9rations \u00e0 une histoire trop souvent m\u00e9connue parce que peu enseign\u00e9e \u00e0 l\u2019\u00e9cole, au coll\u00e8ge, au lyc\u00e9e, voire \u00e0 l\u2019universit\u00e9. C\u2019est l\u2019une des raisons principales pour lesquelles l\u2019Institut Napol\u00e9on a accept\u00e9 d\u00e8s l\u2019origine de participer \u00e0 la pr\u00e9paration de ces \u00e9v\u00e9nements, au sein d\u2019un comit\u00e9 scientifique qui valide les projets propos\u00e9s par les organisateurs. Mais la participation de l\u2019Institut Napol\u00e9on aux initiatives des \u00ab\u00a0Villes imp\u00e9riales\u00a0\u00bb l\u2019a aussi conduit \u00e0 s\u2019associer \u00e0 la ville de Rueil dans l\u2019organisation de cycles de conf\u00e9rences et surtout d\u2019un colloque annuel, dont la sixi\u00e8me \u00e9dition aura lieu le 2 d\u00e9cembre 2017. Comme le jubil\u00e9, il est plac\u00e9 sous le signe des relations franco-russes, dans le cadre du 210<sup>e<\/sup> anniversaire de la paix de Tilsit. Le programme, que vous pourrez \u00e0 la fin de ce num\u00e9ro, est riche, et permet d\u2019envisager une \u00e9tude sur le temps long, puisque le Second Empire est inclus. L\u2019Institut Napol\u00e9on sera \u00e9galement pr\u00e9sent \u00e0 Nice, du 20 au 22 octobre 2017, pour participer aux Journ\u00e9es Imp\u00e9riales accompagnant l\u2019adh\u00e9sion de la ville de Nice au groupe des \u00ab\u00a0Villes imp\u00e9riales\u00a0\u00bb. Nice sera ainsi la 15<sup>e<\/sup> ville adh\u00e9rente \u00e0 ce r\u00e9seau, ce qui montre la vitalit\u00e9 des entreprises conduites autour de Napol\u00e9on. Alors que le bicentenaire de l\u2019Empire s\u2019est achev\u00e9, les municipalit\u00e9s marqu\u00e9es par l\u2019histoire napol\u00e9onienne ont pris conscience du formidable capital touristique qu\u2019elles recelaient. Or la coop\u00e9ration entre historiens et professionnels du tourisme est essentielle pour faire revivre avec le plus de rigueur possible la vie des premi\u00e8res ann\u00e9es du XIX<sup>e<\/sup> si\u00e8cle.<\/p>\n<p><span style=\"font-size: 14pt;\">Jacques-Olivier Boudon<\/span><\/p>\n<p><span style=\"font-size: 14pt;\"><em>Pr\u00e9sident de l\u2019Institut Napol\u00e9on<\/em><\/span><\/p>\n<p>&nbsp;<\/p>\n<p style=\"text-align: center;\"><span style=\"font-size: 18pt; color: #008000;\"><strong>R\u00e9sum\u00e9s<\/strong><\/span><\/p>\n<h2 style=\"text-align: center;\"><span style=\"font-size: 12pt;\"><em>Le Train d\u2019artillerie de la Garde imp\u00e9riale en 1815<\/em><\/span><\/h2>\n<p style=\"text-align: center;\">par Alain Martin<\/p>\n<p>Unit\u00e9 tr\u00e8s souvent m\u00e9connue, le Train d&rsquo;artillerie de la Garde imp\u00e9riale, dissout en 1814, est compl\u00e8tement reconstitu\u00e9 au retour de Napol\u00e9on. En quelques mois, il s&rsquo;agit de remettre sur pied un nouvel escadron, par le rappel d&rsquo;anciens, le transfert de soldats issus du Train de la Ligne, du Train des Equipages ou l&rsquo;incorporation de soldats de diff\u00e9rents horizons. L&rsquo;analyse du Registre Matricule de l\u2019escadron permet de mieux appr\u00e9hender le soldat imp\u00e9rial de 1815.\u00a0 La plupart sont jeunes, originaires des d\u00e9partements bonapartistes et n&rsquo;ont que quelques ann\u00e9es de services. Les sept compagnies se forment l&rsquo;une apr\u00e8s l&rsquo;autre et ce n&rsquo;est que le 10 juin que l&rsquo;effectif complet est atteint. Appel\u00e9 \u00e0 servir dix batteries de la Garde, l&rsquo;escadron perd plus de 20 % de ses hommes au cours de la campagne de Belgique. Les d\u00e9sertions se multiplient au cours des semaines qui suivent et il ne reste que six cent soldats lors du licenciement de l&rsquo;escadron. De ces derniers, seuls quelques-uns poursuivront leur carri\u00e8re militaire.<\/p>\n<h2 style=\"text-align: center;\"><span style=\"font-size: 12pt;\">\u00c9tude min\u00e9ralogique et chimique <\/span><span style=\"font-size: 12pt;\">du masque mortuaire Antommarchi de Napol\u00e9on Ier<\/span><\/h2>\n<p style=\"text-align: center;\">par G\u00e9rard Lucotte<\/p>\n<p>L&rsquo;objectif de ce travail est l&rsquo;\u00e9tude min\u00e9ralogique et chimique du pl\u00e2tre du masque Antommarchi, masque mortuaire de Napol\u00e9on conserv\u00e9 au mus\u00e9e de la Malmaison. Les pr\u00e9l\u00e8vements de pl\u00e2tre ont \u00e9t\u00e9 effectu\u00e9s sur l&rsquo;h\u00e9miface gauche, en cinq endroits diff\u00e9rents\u00a0: \u00e0 la base du cou, sur la joue, au milieu du sourcil, sur le haut du front, et \u00e0 son sommet. L\u2019examen du pl\u00e2tre du cou et du front a montr\u00e9 qu&rsquo;il s&rsquo;agit de pl\u00e2tre de Paris. Le pl\u00e2tre du sommet du front a montr\u00e9 qu&rsquo;il s&rsquo;agit de pl\u00e2tre de Paris. Le pl\u00e2tre du sommet du front est assimilable \u00e0 un mastic. L\u2019analyse de la composition des pl\u00e2tres de la houe et du sourcil montrent qu&rsquo;ils sont constitu\u00e9s de gypse de deux types, d\u2019aluminosilicate riche en fer et en titane, et de phosphate. Cette composition tripartite est caract\u00e9ristique du gypse de Sainte-H\u00e9l\u00e8ne. Il en est d\u00e9duit que le masque Antommarchi est de structure composite, certaines de ses parties ayant \u00e9t\u00e9 moul\u00e9es \u00e0 Sainte-H\u00e9l\u00e8ne, sur le visage de l&rsquo;Empereur \u00e0 sa mort.<\/p>\n<p style=\"text-align: center;\"><strong>Le \u00ab syst\u00e8me \u00bb de Napol\u00e9on : l\u2019ambition, la m\u00e9thode, le devoir.<\/strong><\/p>\n<p style=\"text-align: center;\">par Bernard Hillau<\/p>\n<p>\u00ab\u00a0<em>Mon syst\u00e8me<\/em>\u00a0\u00bb disait Napol\u00e9on. Et ce syst\u00e8me fut \u00e0 la fois une d\u00e9couverte, une m\u00e9thode et un objectif.\u00a0La d\u00e9couverte\u00a0: celle de ses qualit\u00e9s propres de gouvernant dans la continuit\u00e9 du m\u00e9tier des armes. Jeune g\u00e9n\u00e9ral, il fait l\u2019exp\u00e9rience en Italie d\u2019une telle continuit\u00e9, entre le haut commandement militaire, la pacification des territoires conquis et, <em>in fine<\/em>, les fonctions de gouvernant et de l\u00e9gislateur sur ces territoires.\u00a0La m\u00e9thode\u00a0: r\u00e9duire par des triomphes \u00e0 l\u2019\u00e9tranger la fracture int\u00e9rieure de la France entre les factions ennemies des r\u00e9volutionnaires \u00ab\u00a0exalt\u00e9s\u00a0\u00bb et des royalistes\u00a0; il l\u2019exp\u00e9rimente d\u00e8s son retour, en organisant et conduisant la campagne colonisatrice d\u2019Egypte et l\u2019appliquera par la suite avec les gouvernements du Consulat et de l\u2019Empire. L\u2019objectif\u00a0: r\u00e9tablir \u00ab\u00a0<em>l\u2019\u00e9difice social<\/em>\u00a0\u00bb de la France avec une monarchie militaire qui lui laisse toutes les cartes en main pour mettre durablement en synergie les \u00e9l\u00e9ments (militaires, \u00e9ducatifs, \u00e9conomiques, religieux, etc.) qu\u2019il avait trouv\u00e9s volatils et \u00e9pars \u00e0 son arriv\u00e9e au pouvoir. Et ce syst\u00e8me est aussi son devoir, celui de s\u2019y soumettre lui-m\u00eame afin de \u00ab\u00a0<em>finir son ouvrage<\/em>\u00a0\u00bb quand il risque de tout perdre.<\/p>\n<p>La v\u00e9ritable originalit\u00e9 du syst\u00e8me de Napol\u00e9on, ce qui assure le \u00ab\u00a0liant\u00a0\u00bb du nouvel ensemble d\u2019institutions r\u00e9side en la dimension honorifique de sa politique associ\u00e9e au lustre de l\u2019Etat. En abolissant les privil\u00e8ges, la R\u00e9volution avait ouvert la porte \u00e0 de nouvelles formes de cooptation sociale sans avoir pu, ou su, en mettre en place de suffisamment significative. Plus qu\u2019un syst\u00e8me, \u00ab\u00a0l\u2019ordre napol\u00e9onien\u00a0\u00bb, masqu\u00e9 sous l\u2019apparence d\u2019une haute mais inextinguible ambition, rel\u00e8ve des propri\u00e9t\u00e9s de combinaison et de renforcement r\u00e9ciproque des institutions qu\u2019il met en place en conjuguant une pratique de r\u00e9forme autoritaire et centralisatrice au sommet de l\u2019Etat, et la satisfaction d\u2019un id\u00e9al \u00e9galitariste de la population. Avec la hi\u00e9rarchie des titres, des r\u00e9mun\u00e9rations, des avantages conc\u00e9d\u00e9s aux serviteurs de l\u2019Etat, il favorise les effets induits de carri\u00e8re des agents dans le fonctionnement des activit\u00e9s publiques. Par la vertu de la nomination et de l\u2019avancement \u00ab\u00a0au m\u00e9rite\u00a0\u00bb il amorce la refondation de l\u2019Etat par la carri\u00e8re publique en donnant \u00e0 chaque agent (fonctionnaire ou \u00e9lu) un horizon d\u2019expression et de reconnaissance de ses talents et en proposant \u00e0 tous, avec le crit\u00e8re de la\u00a0\u00ab\u00a0bonne r\u00e9putation\u00a0\u00bb, une orientation morale \u00e0 \u00ab\u00a0l\u2019esprit public\u00a0\u00bb.<\/p>\n<p>\u00ab\u00a0<em>La chose publique c\u2019\u00e9tait moi<\/em>\u00a0\u00bb dira Napol\u00e9on sur la fin de sa vie.\u00a0 Son v\u00e9ritable g\u00e9nie est d\u2019avoir trac\u00e9 la voie d\u2019un nouvel \u00e9quilibre de la soci\u00e9t\u00e9 civile. Si la figure historique de l\u2019homme nous interroge aujourd\u2019hui, c\u2019est sur ce ph\u00e9nom\u00e8ne social \u00e9minemment paradoxal, tel que la <em>doxa <\/em>institutionnelle d\u2019un individu-acteur (son activisme de r\u00e9forme volontaire et r\u00e9fl\u00e9chi) ait pu avoir des r\u00e9percussions aussi profondes sur le devenir des institutions, \u00e0 l\u2019aube de la modernit\u00e9 de la France.<\/p>\n<p style=\"text-align: center;\"><strong>Napol\u00e9on et la musique<\/strong><\/p>\n<p style=\"text-align: center;\">par Jean-Fran\u00e7ois Marchi<\/p>\n<p>Quel est le domaine de l&rsquo;activit\u00e9 humaine et sociale que Napol\u00e9on n&rsquo;a-t-il pas approch\u00e9 et r\u00e9form\u00e9 ?<\/p>\n<p>Impr\u00e9gn\u00e9 des id\u00e9es de l&rsquo;<em>Encyclop\u00e9die<\/em>, le b\u00e2tisseur du nouveau syst\u00e8me voulut que tout f\u00fbt r\u00e9gi par la Raison.<\/p>\n<p>Donc par la loi et les institutions qu&rsquo;il \u00e9difiait. Retenons la d\u00e9finition qu&rsquo;en donne Balzac au pr\u00e9texte du Cadastre : \u00ab\u00a0<em>oeuvre de g\u00e9ant voulue par un g\u00e9ant.<\/em>\u00a0\u00bb<\/p>\n<p>Reprenant le dessein de Louis XIV, il con\u00e7ut une politique culturelle \u00e0 des fins d&rsquo;\u00e9dification et d&rsquo;\u00e9ducation populaires mais aussi de propagande \u00e0 destination du monde. De culture italique, il r\u00e9organisa la musique tant profane que sacr\u00e9e en s&rsquo;assurant de la p\u00e9rennit\u00e9 du chant italien par la cr\u00e9ation du Th\u00e9\u00e2tre italien tout en donnant la premi\u00e8re place \u00e0 l&rsquo;Op\u00e9ra imp\u00e9rial objet de de toutes ses faveurs. Il s&rsquo;assura de la carri\u00e8re des M\u00e9hul et Lesueur destin\u00e9s \u00e0 faire briller le go\u00fbt fran\u00e7ais en favorisant en sous-main celle du chant italien afin que celui-ci p\u00fbt durablement supplanter le <em>urlo francese<\/em> du pass\u00e9.<\/p>\n<p>L&rsquo;ind\u00e9niable succ\u00e8s de cette politique en trompe l&rsquo;oeil est que le th\u00e9\u00e2tre royal italien sera pourvu par le roi Charles X d&rsquo;un directeur nomm\u00e9 Gioacchino Rossini qui poursuivra cette politique jusqu&rsquo;\u00e0 l&rsquo;ach\u00e8vement de la transformation du chant fran\u00e7ais avec l&rsquo;instauration de la supr\u00e9matie de la m\u00e9lodie.<\/p>\n<p>Napol\u00e9on voulait \u00a0ainsi que la musique transform\u00e2t les esprits et accompagn\u00e2t la r\u00e9ussite de son oeuvre.<\/p>\n<p style=\"text-align: center;\"><span style=\"font-size: 18pt; color: #008000;\"><strong>Abstracts<\/strong><\/span><\/p>\n<p style=\"text-align: center;\"><strong>Study of the mineralogical and chemical compositions of Napoleon 1<sup>er<\/sup>&lsquo;s death mask Antommarchi<\/strong><\/p>\n<p style=\"text-align: center;\">by G\u00e9rard Lucotte<\/p>\n<p>The objective of the present study is the determination of the chemical and mineralogical compositions of the mask Antommarchi. This death mask of Napoleon is conservated at the Malmaison Museum. Plaster samples were taken from five places on the left hemi-face: on the neck basis, on the cheek, on the middle part of the eyebrow, on the forehead upper part and at the crown. Plaster examination at the neck and the forehead shows that is plaster from Paris. The plaster at the crown is constituted of some form of putty. Plaster compositions of the cheek and eyebrow shows an heterogeneous three-parts mixture: two sorts of gypsum an alumino-silicate rich in iron and titanium, and phosphate. This tripartite composition is characteristic of the St Helena island&rsquo; gypsum. We conclude that the Antommarchi&rsquo; mask is composite some of it parts being moulded of the Emperor&rsquo; face after his death at St Helena.<\/p>\n<p style=\"text-align: center;\"><strong>The artillery train of the Imperial Guard in 1815<\/strong><\/p>\n<p style=\"text-align: center;\">by Alain Martin<\/p>\n<p>The Train of artillery of the Imperial Guard, rarely studied and broken up in 1814, is completely reconstituted upon the return of Napoleon. Within a few months, a new squadron is set up again, veterans are called and former soldiers are transferred from the Train of the Line, the Train of Crews, soldiers of various units are enlisted.<\/p>\n<p>The analysis of the Register Roll of the squadron helps to draw a better portrait of the imperial soldier of 1815. Most of them are young, native of Bonapartist departments and have only a few years of service. Seven companies form one after the other and it is only by June 10th that the complete staff is recruited. Called to serve ten batteries of the Guard, the squadron loses more than 20 % of his men during the campaign of Belgium. The desertions multiply during the following weeks and only six hundred soldiers remain when the squadron is dismissed. Only a few of these men will pursue their military career.<\/p>\n<p style=\"text-align: center;\"><strong>Napoleon&rsquo;s \u00ab\u00a0system\u00a0\u00bb: ambition, method and duty.<\/strong><\/p>\n<p style=\"text-align: center;\">by Bernard Hillau<em>\u00a0<\/em><\/p>\n<p>\u00ab\u00a0<em>My system<\/em>\u00a0\u00bb said Napoleon. And this system was at the same time a discovery, a method and an objective. A discovery: that of his appropriate qualities of governing in the continuity of his soldiering time. As a young general, he experiences in Italy of such a continuity, between the military high command, the pacification of the conquered territories and, <em>in fine<\/em>, the offices of the administration and the legal functioning in these territories.<\/p>\n<p>A method: reduce by triumphs abroad the internal fracture of France between the enemy factions of the revolutionaries \u00ab\u00a0fanatics\u00a0\u00bb and the royalist ones; he experiments it upon his return, by organizing and leading the colonizing campaign of Egypt and will apply it afterward with the governments of the Consulate and the Empire. An objective: restore the \u00ab\u00a0social structure\u00a0\u00bb of France with a military monarchy which leaves him all the cards in hand to put durably in synergy the military, educational, economic, religious, etc. elements which he had found volatile and scattered upon arriving in the power. And this system is also a duty, that of to submit himself to it in order \u00ab\u00a0to complete his work\u00a0\u00bb when he risks to lose everything.<\/p>\n<p>The true originality of Napoleon&rsquo;s system, what makes the \u00ab\u00a0binder\u00a0\u00bb between the new set of institutions lies in the honorary dimension of his politics associated with the luster of the State. By abolishing the privileges, the Revolution had opened the door to new forms of social co-optation without having been able to, or known how to, set up some significant enough. More than a system, the \u00ab\u00a0napoleonic order\u00a0\u00bb, hidden under the appearance of a high but insatiable ambition, reveals its capabilities of combination and mutual strengthening of the institutions which it sets up by conjugating a practice of authority and centralism in the reforms at the head of the State, as well as the satisfaction of an egalitarian ideal of the population. With the hierarchy of the titles, the remunerations, the advantages granted to the servants of the State, he favors the effects inferred by the career of the agents in the functioning of the public activities. By the virtue of the appointment and the promotion \u00ab\u00a0in the merit\u00a0\u00bb he begins the re-foundation of the State through the public service by giving to every state employee or elected representative, a perspective of expression and gratitude of his talents and by proposing to all of them, with the criteria of the \u00ab\u00a0good reputation\u00a0\u00bb, a moral orientation toward \u00ab\u00a0the public spirit\u00a0\u00bb. \u00ab\u00a0The <em>res publica<\/em>, it was me\u00a0\u00bb Napoleon said at the end of his life. His real genius is to have shown the way of a new balance of the civil society. If the historical figure of the man questions us today, it is how this eminently paradoxical social phenomenon, such as the institutional <em>doxa<\/em> of an individual-actor (his activism of voluntary and deeply thought reform) was able to infuence so deeply the future of the institutions at the dawn of the modernity of France.<\/p>\n<p style=\"text-align: center;\"><strong>Napol\u00e9on and music<\/strong><\/p>\n<p style=\"text-align: center;\">by Jean-Fran\u00e7ois Marchi<\/p>\n<p>What is the field of the human and social activity which was not approached nor reformed by Napoleon? Impregnated with the ideas of the <em>Encyclopedia<\/em>, the builder of the new system wanted everything to be governed by the Reason. Thus by the law and the institutions he built. Let us hold on the definition given by Balzac to the pretext of the Land registry: \u00ab\u00a0giant&rsquo;s work wanted by a giant\u00a0\u00bb. Resuming the intention of Louis XIV, he conceived a cultural policy for purposes of popular construction and education but also of propaganda aimed at the whole world. Of Italianic culture himself, he reorganized both profane and sacred music by making sure of the domination of the Italian song by the creation of the Italian Theater while giving also the first rank to the Imperial Opera, subject to all his favors. He made sure of the career of M\u00e9hul and Lesueur intended to make the French taste shining while favoring discretely the Italian song so that this one was durably able to supplant the <em>urlo francese<\/em> of the past. The undeniable success of this \u00ab\u00a0trompe l&rsquo;oeil\u00a0\u00bb policy is such that the Italian royal theater will be provided by King Charles X of a director by the name of Gioacchino Rossini who will pursue this policy until the completion of the transformation of the French song with a definitive ascendancy of the melody. Napoleon wanted the music to transform the minds and walk at the same pace than the success of his work.<\/p>\n","protected":false},"excerpt":{"rendered":"<p>Revue de l&rsquo;Institut Napol\u00e9on Num\u00e9ro 214 (2017-1) Editorial En 2011, la ville de Rueil-Malmaison, marqu\u00e9e s\u2019il en est par le souvenir de Bonaparte et de Jos\u00e9phine dont l\u2019esprit habite toujours le ch\u00e2teau de Malmaison, lan\u00e7ait la marque \u00ab\u00a0Ville imp\u00e9riale\u00a0\u00bb avec trois autres cit\u00e9s qui avaient la particularit\u00e9 d\u2019avoir jou\u00e9 un r\u00f4le sous les deux Empires, [&hellip;]<\/p>\n","protected":false},"author":1,"featured_media":0,"parent":0,"menu_order":0,"comment_status":"closed","ping_status":"closed","template":"","meta":{"spay_email":""},"_links":{"self":[{"href":"http:\/\/institut-napoleon.fr\/index.php\/wp-json\/wp\/v2\/pages\/850"}],"collection":[{"href":"http:\/\/institut-napoleon.fr\/index.php\/wp-json\/wp\/v2\/pages"}],"about":[{"href":"http:\/\/institut-napoleon.fr\/index.php\/wp-json\/wp\/v2\/types\/page"}],"author":[{"embeddable":true,"href":"http:\/\/institut-napoleon.fr\/index.php\/wp-json\/wp\/v2\/users\/1"}],"replies":[{"embeddable":true,"href":"http:\/\/institut-napoleon.fr\/index.php\/wp-json\/wp\/v2\/comments?post=850"}],"version-history":[{"count":2,"href":"http:\/\/institut-napoleon.fr\/index.php\/wp-json\/wp\/v2\/pages\/850\/revisions"}],"predecessor-version":[{"id":922,"href":"http:\/\/institut-napoleon.fr\/index.php\/wp-json\/wp\/v2\/pages\/850\/revisions\/922"}],"wp:attachment":[{"href":"http:\/\/institut-napoleon.fr\/index.php\/wp-json\/wp\/v2\/media?parent=850"}],"curies":[{"name":"wp","href":"https:\/\/api.w.org\/{rel}","templated":true}]}}