{"id":752,"date":"2021-03-10T00:53:18","date_gmt":"2021-03-09T23:53:18","guid":{"rendered":"http:\/\/institut-napoleon.fr\/?page_id=752"},"modified":"2024-04-08T15:54:19","modified_gmt":"2024-04-08T13:54:19","slug":"conseil-dadministration","status":"publish","type":"page","link":"http:\/\/institut-napoleon.fr\/index.php\/conseil-dadministration\/","title":{"rendered":"Conseil d&rsquo;administration"},"content":{"rendered":"<div style=\"text-align: center;\" align=\"left\"><span style=\"font-size: 18pt;\"><strong>CONSEIL D&rsquo;ADMINISTRATION (mai 2022)<\/strong><\/span><\/div>\n<h5><span style=\"font-size: 14pt;\">Pr\u00e9sident d&rsquo;honneur<\/span><\/h5>\n<p><span style=\"font-size: 14pt;\">M. Jean Tulard,\u00a0<i>professeur \u00e9m\u00e9rite \u00e0 Sorbonne-Universit\u00e9, membre de l&rsquo;Institut<\/i><\/span><\/p>\n<h5><span style=\"font-size: 14pt;\">Pr\u00e9sident<\/span><\/h5>\n<p><span style=\"font-size: 14pt;\">M. Jacques-Olivier Boudon,\u00a0<i>professeur \u00e0 Sorbonne-Universit\u00e9<br \/>\n<\/i><\/span><\/p>\n<h5><span style=\"font-size: 14pt;\">Vice-Pr\u00e9sidente<\/span><\/h5>\n<p><span style=\"font-size: 14pt;\">Mme Laetitia de Witt, docteure en histoire<br \/>\n<\/span><\/p>\n<h5><span style=\"font-size: 14pt;\">Secr\u00e9taire g\u00e9n\u00e9ral<\/span><\/h5>\n<p><span style=\"font-size: 14pt;\">M. Charles-Eloi Vial, <em>conservateur \u00e0 la Biblioth\u00e8que Nationale de France<\/em><\/span><\/p>\n<h5><span style=\"font-size: 14pt;\">Tr\u00e9sorier<\/span><\/h5>\n<p><span style=\"font-size: 14pt;\">M. St\u00e9phane Calvet<\/span><\/p>\n<h5><span style=\"font-size: 14pt;\">Administrateurs<\/span><\/h5>\n<p><span style=\"font-size: 14pt;\">Mme Marie-Christine de Bou\u00ebt du Portal<\/span><br \/>\n<span style=\"font-size: 14pt;\">M. Antoine Boulant<\/span><br \/>\n<span style=\"font-size: 14pt;\">M. Walter Bruy\u00e8re-Ostells<\/span><br \/>\n<span style=\"font-size: 14pt;\">M. St\u00e9phane Calvet<\/span><br \/>\n<span style=\"font-size: 14pt;\">M. David Chanteranne<\/span><br \/>\n<span style=\"font-size: 14pt;\">M. Bruno Colson<\/span><br \/>\n<span style=\"font-size: 14pt;\">M. Frank Favier<\/span><br \/>\n<span style=\"font-size: 14pt;\">M. Jacques Garnier<\/span><br \/>\n<span style=\"font-size: 14pt;\">M<sup>e<\/sup>\u00a0Gildard Guillaume<\/span><br \/>\n<span style=\"font-size: 14pt;\">M. Vincent Haegele<\/span><br \/>\n<span style=\"font-size: 14pt;\">M. Michel Kerautret<\/span><br \/>\n<span style=\"font-size: 14pt;\">M. Eric Ledru<\/span><br \/>\n<span style=\"font-size: 14pt;\">M. Thierry Lentz<\/span><\/p>\n<p><span style=\"font-size: 14pt;\">M. Alexander Mikaberidze<\/span><br \/>\n<span style=\"font-size: 14pt;\">Mme Natalie Petiteau<\/span><br \/>\n<span style=\"font-size: 14pt;\">Mme Isabelle Rouge-<\/span><span style=\"font-size: 14pt;\">Ducos<\/span><br \/>\n<span style=\"font-size: 14pt;\">M. Gennaro Toscano<\/span><\/p>\n<p>&nbsp;<\/p>\n","protected":false},"excerpt":{"rendered":"<p>CONSEIL D&rsquo;ADMINISTRATION (mai 2022) Pr\u00e9sident d&rsquo;honneur M. Jean Tulard,\u00a0professeur \u00e9m\u00e9rite \u00e0 Sorbonne-Universit\u00e9, membre de l&rsquo;Institut Pr\u00e9sident M. Jacques-Olivier Boudon,\u00a0professeur \u00e0 Sorbonne-Universit\u00e9 Vice-Pr\u00e9sidente Mme Laetitia de Witt, docteure en histoire Secr\u00e9taire g\u00e9n\u00e9ral M. Charles-Eloi Vial, conservateur \u00e0 la Biblioth\u00e8que Nationale de France Tr\u00e9sorier M. St\u00e9phane Calvet Administrateurs Mme Marie-Christine de Bou\u00ebt du Portal M. Antoine Boulant [&hellip;]<\/p>\n","protected":false},"author":1,"featured_media":0,"parent":0,"menu_order":0,"comment_status":"closed","ping_status":"closed","template":"","meta":{"spay_email":""},"_links":{"self":[{"href":"http:\/\/institut-napoleon.fr\/index.php\/wp-json\/wp\/v2\/pages\/752"}],"collection":[{"href":"http:\/\/institut-napoleon.fr\/index.php\/wp-json\/wp\/v2\/pages"}],"about":[{"href":"http:\/\/institut-napoleon.fr\/index.php\/wp-json\/wp\/v2\/types\/page"}],"author":[{"embeddable":true,"href":"http:\/\/institut-napoleon.fr\/index.php\/wp-json\/wp\/v2\/users\/1"}],"replies":[{"embeddable":true,"href":"http:\/\/institut-napoleon.fr\/index.php\/wp-json\/wp\/v2\/comments?post=752"}],"version-history":[{"count":8,"href":"http:\/\/institut-napoleon.fr\/index.php\/wp-json\/wp\/v2\/pages\/752\/revisions"}],"predecessor-version":[{"id":1255,"href":"http:\/\/institut-napoleon.fr\/index.php\/wp-json\/wp\/v2\/pages\/752\/revisions\/1255"}],"wp:attachment":[{"href":"http:\/\/institut-napoleon.fr\/index.php\/wp-json\/wp\/v2\/media?parent=752"}],"curies":[{"name":"wp","href":"https:\/\/api.w.org\/{rel}","templated":true}]}}