{"id":7,"date":"2021-03-07T23:48:41","date_gmt":"2021-03-07T22:48:41","guid":{"rendered":"http:\/\/institut-napoleon.fr\/?page_id=7"},"modified":"2024-04-08T15:53:43","modified_gmt":"2024-04-08T13:53:43","slug":"contact","status":"publish","type":"page","link":"http:\/\/institut-napoleon.fr\/index.php\/contact\/","title":{"rendered":"Pour contacter l&rsquo;Institut Napol\u00e9on"},"content":{"rendered":"<h5><a name=\"1\"><\/a><span style=\"font-size: 14pt;\">Adresse postale<br \/>\n<\/span><\/h5>\n<h5><span style=\"font-size: 14pt;\">Institut Napol\u00e9on<br \/>\nSorbonne Universit\u00e9<br \/>\n1, rue Victor-Cousin<br \/>\nF-75005 Paris<br \/>\n<\/span><\/h5>\n<div class=\"info\">\n<table>\n<tbody>\n<tr>\n<td><span style=\"font-size: 14pt;\">Jacques-Olivier Boudon<\/span><br \/>\n<span style=\"font-size: 14pt;\">E-mail :\u00a0<a href=\"mailto:institut.napoleon@gmail.com\">institut.napoleon@gmail.com<\/a><\/span><\/td>\n<\/tr>\n<\/tbody>\n<\/table>\n<\/div>\n<h5><a name=\"2\"><\/a><span style=\"font-size: 14pt;\">Tr\u00e9sorier :<\/span><\/h5>\n<div class=\"info\">\n<table>\n<tbody>\n<tr>\n<td><span style=\"font-size: 14pt;\">M. St\u00e9phane CALVET <\/span><br \/>\n<span style=\"font-size: 14pt;\">16 rue de la Pierre-Lev\u00e9e <\/span><br \/>\n<span style=\"font-size: 14pt;\">16 000 Angoul\u00eame<\/span><br \/>\n<a href=\"http:\/\/institut-napoleon.fr\/wp-content\/uploads\/2024\/04\/Bulletin-adhe\u0301sion_INSTITUT-NAPOLEON_2024.docx\"><span style=\"font-size: 14pt;\">bulletin d&rsquo;adh\u00e9sion et d&rsquo;abonnement<\/span><\/a><\/td>\n<\/tr>\n<\/tbody>\n<\/table>\n<\/div>\n<h5><a name=\"3\"><\/a><span style=\"font-size: 14pt;\">Publications :<\/span><\/h5>\n<div class=\"info\">\n<table>\n<tbody>\n<tr>\n<td><span style=\"font-size: 14pt;\">Les Presses de la Recherche historique<\/span><br \/>\n<span style=\"font-size: 14pt;\">12 rue de Seine<\/span><br \/>\n<span style=\"font-size: 14pt;\">F-75006 Paris<\/span><br \/>\n<span style=\"font-size: 14pt;\">T\u00e9l.: 01 43 29 94 10 &#8211; 06 86 95 37 06<\/span><br \/>\n<span style=\"font-size: 14pt;\">Courriel :\u00a0<a href=\"mailto:lettrage@free.fr\">lettrage@free.fr<\/a><\/span><br \/>\n<a href=\"http:\/\/institut-napoleon.fr\/wp-content\/uploads\/2021\/04\/Abonnnement-RIN.pdf\"><span style=\"font-size: 14pt;\">bulletin d&rsquo;abonnement<\/span><\/a><br \/>\n<a href=\"http:\/\/institut-napoleon.fr\/wp-content\/uploads\/2021\/04\/Anciens-nume\u0301ros-anciens-RIN.pdf\"><span style=\"font-size: 14pt;\">bon de commande d&rsquo;anciens num\u00e9ros<\/span><\/a><\/td>\n<\/tr>\n<\/tbody>\n<\/table>\n<\/div>\n<h5><a name=\"4\"><\/a><span style=\"font-size: 14pt;\">Site Web :<\/span><\/h5>\n<p><span style=\"font-size: 18.6667px;\">Boris Vinogradov<br \/>\nEmail : <a href=\"mailto:vinogradovboris@live.fr\">vinogradovboris@live.fr<\/a><\/span><\/p>\n","protected":false},"excerpt":{"rendered":"<p>Adresse postale Institut Napol\u00e9on Sorbonne Universit\u00e9 1, rue Victor-Cousin F-75005 Paris Jacques-Olivier Boudon E-mail :\u00a0institut.napoleon@gmail.com Tr\u00e9sorier : M. St\u00e9phane CALVET 16 rue de la Pierre-Lev\u00e9e 16 000 Angoul\u00eame bulletin d&rsquo;adh\u00e9sion et d&rsquo;abonnement Publications : Les Presses de la Recherche historique 12 rue de Seine F-75006 Paris T\u00e9l.: 01 43 29 94 10 &#8211; 06 86 [&hellip;]<\/p>\n","protected":false},"author":1,"featured_media":0,"parent":0,"menu_order":0,"comment_status":"closed","ping_status":"closed","template":"","meta":{"spay_email":""},"_links":{"self":[{"href":"http:\/\/institut-napoleon.fr\/index.php\/wp-json\/wp\/v2\/pages\/7"}],"collection":[{"href":"http:\/\/institut-napoleon.fr\/index.php\/wp-json\/wp\/v2\/pages"}],"about":[{"href":"http:\/\/institut-napoleon.fr\/index.php\/wp-json\/wp\/v2\/types\/page"}],"author":[{"embeddable":true,"href":"http:\/\/institut-napoleon.fr\/index.php\/wp-json\/wp\/v2\/users\/1"}],"replies":[{"embeddable":true,"href":"http:\/\/institut-napoleon.fr\/index.php\/wp-json\/wp\/v2\/comments?post=7"}],"version-history":[{"count":12,"href":"http:\/\/institut-napoleon.fr\/index.php\/wp-json\/wp\/v2\/pages\/7\/revisions"}],"predecessor-version":[{"id":1254,"href":"http:\/\/institut-napoleon.fr\/index.php\/wp-json\/wp\/v2\/pages\/7\/revisions\/1254"}],"wp:attachment":[{"href":"http:\/\/institut-napoleon.fr\/index.php\/wp-json\/wp\/v2\/media?parent=7"}],"curies":[{"name":"wp","href":"https:\/\/api.w.org\/{rel}","templated":true}]}}